{"id":7489,"date":"2024-04-19T21:56:15","date_gmt":"2024-04-19T18:56:15","guid":{"rendered":"https:\/\/www.bic.co.il\/?page_id=7489"},"modified":"2024-04-19T21:56:15","modified_gmt":"2024-04-19T18:56:15","slug":"%d7%9e%d7%99%d7%a9%d7%95%d7%91%d7%90%d7%9c%d7%99-2","status":"publish","type":"page","link":"https:\/\/www.bic.co.il\/?page_id=7489","title":{"rendered":"\ufeff\u05de\u05d9\u05e9\u05d5\u05d1\u05d0\u05dc\u05d9"},"content":{"rendered":"<div class=\"custom-page-content\">\n<p class=\"custom-page-title\"><strong><a href=\"https:\/\/www.fxp.co.il\/showthread.php?t=12651957\" target=\"_blank\" rel=\"nofollow noopener\">\u05d0\u05d9\u05da \u05dc\u05d4\u05e9\u05d9\u05d2 \u05e2\u05d5\u05e7\u05d1\u05d9\u05dd \u05d1\u05d0\u05d9\u05e0\u05e1\u05d8\u05d2\u05e8\u05dd (\u05dc\u05d0 \u05d8\u05d9\u05e4\u05d9\u05dd)<\/a><\/strong><\/p>\n<p class=\"custom-page-link\">fxp.co.il<\/p>\n<p>\u05ea\u05e2\u05e9\u05d4 \u05de\u05d9\u05e9\u05d5\u05d1\u05d0\u05dc\u05d9. \u05d7\u05d7\u05d7\u05d7\u05d7\u05d7\u05d7\u05d7\u05d7\u05d7\u05d7\u05d7\u05d7\u05d7\u05d7\u05d7\u05d7\u05d7\u05d7\u05d7\u05d7\u05d7\u05d7\u05d7\u05d7\u05d7\u05d7\u05d7\u05d7\u05d7 \u05d6\u05d9\u05d9\u05e0\u05ea \u05d0\u05ea \u05d4\u05e4\u05d5\u05e8\u05d5\u05dd \u05e2\u05dd. \u05de\u05d9\u05e9\u05d5\u05d1\u05d0\u05dc\u05d9 \u05d4\u05d6\u05d4. 0. 0. 1. \u05d0\u05ea\u05d4 \u05d2\u05d9\u05d9. 36. 21-05-2013 16:23 JockingWithyou JockingWithyou \u05de\u05e0\u05d5\u05ea\u05e7\u00a0\n\t\t\t\t\t<\/p><\/div>\n<div class=\"custom-page-content\">\n<p class=\"custom-page-title\"><strong><a href=\"https:\/\/m.facebook.com\/100071880227382\/\" target=\"_blank\" rel=\"nofollow noopener\">Girls? We are the Champions (;<\/a><\/strong><\/p>\n<p class=\"custom-page-link\">m.facebook.com<\/p>\n<p>Girls? We are the Champions (; \u00b7 Girls? We are the Champions (;. Dec 16,\u00a0\n\t\t\t\t\t<\/p><\/div>\n<div class=\"ads_sec\"><script async src=\"https:\/\/pagead2.googlesyndication.com\/pagead\/js\/adsbygoogle.js?client=ca-pub-9317385891164717\"\ncrossorigin=\"anonymous\"><\/script>\n<!-- Bic Top2 -->\n<ins class=\"adsbygoogle\"\nstyle=\"display:block\"\ndata-ad-client=\"ca-pub-9317385891164717\"\ndata-ad-slot=\"2198565578\"\ndata-ad-format=\"auto\"\ndata-full-width-responsive=\"true\"><\/ins>\n<script>\n(adsbygoogle = window.adsbygoogle || []).push({});\n<\/script><h2 class='page-title ast-archive-title'>\u05ea\u05de\u05d5\u05e0\u05d5\u05ea \u05e2\u05d1\u05d5\u05e8 \u05d7\u05d9\u05e4\u05d5\u05e9: \ufeff\u05de\u05d9\u05e9\u05d5\u05d1\u05d0\u05dc\u05d9<\/h2><ul class='img_list'><li><a href='https:\/\/www.bic.co.il\/?page_id=7489'><img src='https:\/\/www.bic.co.il\/wp-content\/uploads\/\u05de\u05d9\u05e9\u05d5\u05d1\u05d0\u05dc\u05d9.webp' class='post_img' title='\ufeff\u05de\u05d9\u05e9\u05d5\u05d1\u05d0\u05dc\u05d9' alt='\ufeff\u05de\u05d9\u05e9\u05d5\u05d1\u05d0\u05dc\u05d9' \/><\/a><\/li><li><a href='https:\/\/www.bic.co.il\/wp-content\/uploads\/\u05ea\u05de\u05d5\u05e0\u05d4-\u05de\u05d9\u05e9\u05d5\u05d1\u05d0\u05dc\u05d9.webp'><img src='https:\/\/www.bic.co.il\/wp-content\/uploads\/\u05ea\u05de\u05d5\u05e0\u05d4-\u05de\u05d9\u05e9\u05d5\u05d1\u05d0\u05dc\u05d9.webp' class='post_img' title='\ufeff\u05de\u05d9\u05e9\u05d5\u05d1\u05d0\u05dc\u05d9' alt='\ufeff\u05de\u05d9\u05e9\u05d5\u05d1\u05d0\u05dc\u05d9' \/><\/a><\/li><\/ul><\/div>\n<div class=\"custom-page-content\">\n<p class=\"custom-page-title\"><strong><a href=\"https:\/\/www.askp.co.il\/question\/79495\" target=\"_blank\" rel=\"nofollow noopener\">\u05d0\u05e0\u05d9 \u05d1\u05d4\u05ea\u05e7\u05e3 \u05d7\u05e8\u05d3\u05d4, \u05db&#8221;\u05db \u05e7\u05e9\u05d4 \u05dc\u05d9 \u05dc\u05d4\u05d2\u05d9\u05d3 \u05e9\u05d0\u05e0\u05d9 \u05d4\u05d5\u05de\u05d5<\/a><\/strong><\/p>\n<p class=\"custom-page-link\">askp.co.il<\/p>\n<p>\u05de\u05d9\u05e9\u05d5 \u05d1\u05d0\u05dc\u05d9 \u05dc\u05d4\u05e8\u05d2\u05d9\u05e9 \u05d0\u05d4\u05d5\u05d1 \u05e9\u05de\u05d9\u05e9\u05d5 \u05e8\u05d5\u05e6\u05d4 \u05d0\u05d5\u05ea\u05d9 . \u05de\u05d0\u05d5\u05d3 \u05e7\u05e9\u05d4 \u05dc\u05d9 \u05d2\u05dd \u05dc\u05de\u05e6\u05d5\u05d0 \u05d0\u05e0\u05d9 \u05d4\u05d5\u05de\u05d5 \u05d1\u05d0\u05e8\u05d5\u05df \u05d5\u05d0\u05e0\u05d9 \u05dc\u05d0 \u05d1\u05d8\u05d5\u05d7 \u05e9\u05d0\u05e0\u05d9 \u05d9\u05db\u05d5\u05dc \u05dc\u05d4\u05d9\u05d5\u05ea \u05e2\u05dd \u05d6\u05d4 \u05d4\u05de\u05d5\u05df \u05d6\u05de\u05df . \u05d0\u05e0\u05d9 \u05e4\u05e9\u05d5\u05d8 \u05d7\u05d5\u05e9\u05d1 \u05e2\u05dc \u05d3\u05d1\u05e8\u05d9\u05dd \u05dc\u05d0 \u05d8\u05d5\u05d1\u05d9\u05dd\u00a0\n\t\t\t\t\t<\/p><\/div>\n<div class=\"custom-page-content\">\n<p class=\"custom-page-title\"><strong><a href=\"https:\/\/battlelog.battlefield.com\/mohw\/cs\/user\/AnjraMainiu\/\" target=\"_blank\" rel=\"nofollow noopener\">AnjraMainiu &#8211; Battlelog \/ MOHW<\/a><\/strong><\/p>\n<p class=\"custom-page-link\">battlelog.battlefield.com<\/p>\n<p>AnjraMainiu. \u05de\u05e9\u05d7\u05e7 \u05e2\u05dd \u05de\u05d9\u05e9\u05d5? \u05d1\u05d0\u05dc\u05d9 \u05de\u05de\u05e9 \u05e2\u05dd \u05e1\u05e7\u05d9\u05d9\u05e4 p\u0159ed 10 roky. P\u0159ehled \u00b7 P\u0159\u00e1tel\u00e9. Voj\u00e1ci. Medal of Honor: Warfighter. AnjraMainiu je\u0161t\u011b nehr\u00e1l Medal of Honor\u00a0\n\t\t\t\t\t<\/p><\/div>\n<div class=\"ads_sec\"><script async src=\"https:\/\/pagead2.googlesyndication.com\/pagead\/js\/adsbygoogle.js?client=ca-pub-9317385891164717\"\ncrossorigin=\"anonymous\"><\/script>\n<!-- Bic Middle1 -->\n<ins class=\"adsbygoogle\"\nstyle=\"display:block\"\ndata-ad-client=\"ca-pub-9317385891164717\"\ndata-ad-slot=\"9359488841\"\ndata-ad-format=\"auto\"\ndata-full-width-responsive=\"true\"><\/ins>\n<script>\n(adsbygoogle = window.adsbygoogle || []).push({});\n<\/script><\/div>\n<div class=\"custom-page-content\">\n<p class=\"custom-page-title\"><strong><a href=\"https:\/\/battlelog.battlefield.com\/mohw\/cs\/user\/AnjraMainiu\/friends\/\" target=\"_blank\" rel=\"nofollow noopener\">P\u0159\u00e1tel\u00e9 &#8211; AnjraMainiu &#8211; Battlelog \/ MOHW<\/a><\/strong><\/p>\n<p class=\"custom-page-link\">battlelog.battlefield.com<\/p>\n<p>\u05de\u05e9\u05d7\u05e7 \u05e2\u05dd \u05de\u05d9\u05e9\u05d5? \u05d1\u05d0\u05dc\u05d9 \u05de\u05de\u05e9 \u05e2\u05dd \u05e1\u05e7\u05d9\u05d9\u05e4 p\u0159ed 10 roky. P\u0159ehled \u00b7 P\u0159\u00e1tel\u00e9. AnjraMainiu sd\u00edl\u00ed informace jen se sv\u00fdmi p\u0159\u00e1teli. Produkce. Electronic Arts \u00b7 Dice \u00b7 Uprise.\n\t\t\t\t\t<\/p><\/div>\n<div class=\"custom-page-content\">\n<p class=\"custom-page-title\"><strong><a href=\"https:\/\/www.youtube.com\/playlist?list=PLYL5UuyoLCtW1aMDER5Ab-0WbpUpVgayU\" target=\"_blank\" rel=\"nofollow noopener\">\u05e9\u05d7\u05e8 \u05d8\u05d1\u05d5\u05da &#8211; \u05d4\u05e9\u05d9\u05e8\u05d9\u05dd \u05e9\u05dc\u05d9<\/a><\/strong><\/p>\n<p class=\"custom-page-link\">youtube.com<\/p>\n<p>\u05e9\u05d7\u05e8 \u05d8\u05d1\u05d5\u05da &#8211; \u05de\u05d9\u05e9\u05d1\u05d0\u05dc\u05d9 (prod. by Lee B. &#038; Yinon Yahel) \u00b7 \u05e9\u05d7\u05e8 \u05d8\u05d1\u05d5\u05da &#8211; \u05de\u05e6\u05d0\u05ea\u05d9 \u05ea&#8217;\u05d0\u05d7\u05d3 (Prod. by Doli &#038; Penn feat. LeeB) \u00b7 \u05e9\u05d7\u05e8 \u05d8\u05d1\u05d5\u05da &#8211; \u05de\u05e0\u05d2\u05dc (Prod. By Yinon\u00a0\n\t\t\t\t\t<\/p><\/div>\n<div class=\"custom-page-content\">\n<p class=\"custom-page-title\"><strong><a href=\"https:\/\/www.youtube.com\/playlist?list=PLYL5UuyoLCtWmPK5oz1mIGBQgFKi77fcq\" target=\"_blank\" rel=\"nofollow noopener\">\u05d4\u05d9\u05d9, \u05d6\u05d4 \u05e9\u05d7\u05e8 &#8211; \u05d4\u05d0\u05dc\u05d1\u05d5\u05dd \u05d4\u05de\u05dc\u05d0<\/a><\/strong><\/p>\n<p class=\"custom-page-link\">youtube.com<\/p>\n<p>\u05d4\u05d9\u05d9, \u05d6\u05d4 \u05e9\u05d7\u05e8 &#8211; \u05d4\u05d0\u05dc\u05d1\u05d5\u05dd \u05d4\u05de\u05dc\u05d0. \u05e9\u05d7\u05e8 \u05d8\u05d1\u05d5\u05da Shahar Tavoch. 12 videosUpdated 5 days ago. Play all \u00b7 Shuffle \u00b7 2:34. \u05e9\u05d7\u05e8 \u05d8\u05d1\u05d5\u05da &#8211; \u05de\u05e0\u05d2\u05dc (Prod. By Yinon Yahel &#038; Lee B.).\n\t\t\t\t\t<\/p><\/div>\n<div class=\"custom-page-content\">\n<p class=\"custom-page-title\"><strong><a href=\"https:\/\/www.instagram.com\/p\/Cyx24d-tO3Z\/\" target=\"_blank\" rel=\"nofollow noopener\">\u05d0\u05d6 \u05d4\u05db\u05e0\u05ea\u05d9 \u05e0\u05d7\u05e9 \u05de\u05d9 \u05d0\u05e7\u05d8\u05d5\u05d0\u05dc\u05d9 \u05d1\u05e7\u05e8\u05d5\u05d1 \u05d1\u05d7\u05e0\u05d5\u05d9\u05d5\u05ea \u05d4\u05e7\u05e8\u05d5\u05d1\u05d5\u05ea \u05dc\u05d1\u05d9\u05ea\u05db\u05dd<\/a><\/strong><\/p>\n<p class=\"custom-page-link\">instagram.com<\/p>\n<p>\u05d6\u05d4 \u05d4\u05e8\u05d2\u05d9\u05e9 \u05dc\u05d0 \u05e4\u05d9\u05d9\u05e8 \u05dc\u05e9\u05de\u05d5\u05e8 \u05d0\u05d5\u05ea\u05d5 \u05dc\u05e2\u05e6\u05de\u05e0\u05d5, \u05d4\u05e9\u05de\u05e2\u05e0\u05d5 \u05dc\u05d7\u05d1\u05e8\u05d9\u05dd \u05d6\u05d4 \u05e9\u05d9\u05de\u05d7 \u05d0\u05d5\u05ea\u05dd \u05d5\u05dc\u05d0\u05d8 \u05dc\u05d0\u05d8 \u05d4\u05d5\u05d0 \u05d4\u05ea\u05d2\u05dc\u05d2\u05dc \u05d5\u05d4\u05ea\u05d2\u05dc\u05d2\u05dc \u05e2\u05d3 \u05e9\u05d4\u05d1\u05e0\u05d5 \u05e9\u05d4\u05d7\u05d5\u05d1\u05d4 \u05e9\u05dc\u05e0\u05d5 \u05dc\u05e9\u05de\u05d7. \u05d3\u05d5\u05d5\u05e7\u05d0 \u05e2\u05db\u05e9\u05d9\u05d5, \u05d5\u05d0\u05d7\u05e8\u05d9 \u05e9\u05e0\u05d9\u05dd \u05e9\u05dc\u00a0\n\t\t\t\t\t<\/p><\/div>\n<h2 class=\"faq-search-title\"><strong class=\"faq-search-title\">\u05e9\u05d0\u05dc\u05d5\u05ea \u05d5\u05ea\u05e9\u05d5\u05d1\u05d5\u05ea \u05d1\u05e0\u05d5\u05e9\u05d0: \ufeff\u05de\u05d9\u05e9\u05d5\u05d1\u05d0\u05dc\u05d9<\/strong><\/h2>\n<ul class=\"accordion-list\"><\/ul>\n<div class='star-rating'><\/div>\n<hr class=\"after-content-hr\" style=\"margin-top: 0px !important;\" \/>\n<h3 class=\"related-search-title\"><strong class=\"related-search-title\">\u05d4\u05d7\u05d9\u05e4\u05d5\u05e9\u05d9\u05dd \u05d4\u05e7\u05e9\u05d5\u05e8\u05d9\u05dd \u05dc\u05e9\u05d0\u05d9\u05dc\u05ea\u05d0: \ufeff\u05de\u05d9\u05e9\u05d5\u05d1\u05d0\u05dc\u05d9<\/strong><\/h3>\n<ol>\n<li class=\"related-searches\"><a style=\"margin-right: 10px;\" title=\"\u05e9\u05d7\u05e8 \u05d8\u05d1\u05d5\u05da\" href=\"https:\/\/www.bic.co.il\/?page_id=7600\" >\u05e9\u05d7\u05e8 \u05d8\u05d1\u05d5\u05da<\/a><\/li>\n<li class=\"related-searches\"><a style=\"margin-right: 10px;\" title=\"\u05e8\u05d9\u05d0\u05dc \u05de\u05d3\u05e8\u05d9\u05d3 \u05e0\u05d2\u05d3 \u05e8 \u05d1 \u05dc\u05d9\u05d9\u05e4\u05e6\u05d9\u05d2\" href=\"https:\/\/www.bic.co.il\/?page_id=7589\" >\u05e8\u05d9\u05d0\u05dc \u05de\u05d3\u05e8\u05d9\u05d3 \u05e0\u05d2\u05d3 \u05e8 \u05d1 \u05dc\u05d9\u05d9\u05e4\u05e6\u05d9\u05d2<\/a><\/li>\n<li class=\"related-searches\"><a style=\"margin-right: 10px;\" title=\"\u05e6\u05dc\u05e1\u05d9 \u05e0\u05d2\u05d3 \u05e8\u05d9\u05d0\u05dc \u05de\u05d3\u05e8\u05d9\u05d3\" href=\"https:\/\/www.bic.co.il\/?page_id=7542\" >\u05e6\u05dc\u05e1\u05d9 \u05e0\u05d2\u05d3 \u05e8\u05d9\u05d0\u05dc \u05de\u05d3\u05e8\u05d9\u05d3<\/a><\/li>\n<li class=\"related-searches\"><a style=\"margin-right: 10px;\" title=\"\u05d0\u05d9\u05ea\u05d9 \u05d0\u05e0\u05d2\u05dc\" href=\"https:\/\/www.bic.co.il\/?page_id=7424\" >\u05d0\u05d9\u05ea\u05d9 \u05d0\u05e0\u05d2\u05dc<\/a><\/li>\n<li class=\"related-searches\"><a style=\"margin-right: 10px;\" title=\"\u05d2\u05dc\u05d9 \u05d9\u05e9\u05e8\u05d0\u05dc \u05e9\u05e8\u05d5\u05df \u05d2\u05dc\" href=\"https:\/\/www.bic.co.il\/?page_id=7461\" >\u05d2\u05dc\u05d9 \u05d9\u05e9\u05e8\u05d0\u05dc \u05e9\u05e8\u05d5\u05df \u05d2\u05dc<\/a><\/li>\n<li class=\"related-searches\"><a style=\"margin-right: 10px;\" title=\"\u05e9\u05e8\u05d5\u05df \u05d2\u05dc\" href=\"https:\/\/www.bic.co.il\/?page_id=7603\" >\u05e9\u05e8\u05d5\u05df \u05d2\u05dc<\/a><\/li>\n<li class=\"related-searches\"><a style=\"margin-right: 10px;\" title=\"\u05e8\u05d9\u05d0\u05dc \u05de\u05d3\u05e8\u05d9\u05d3 \u05e0\u05d2\u05d3 \u05e4 \u05e1 \u05d6\" href=\"https:\/\/www.bic.co.il\/?page_id=7587\" >\u05e8\u05d9\u05d0\u05dc \u05de\u05d3\u05e8\u05d9\u05d3 \u05e0\u05d2\u05d3 \u05e4 \u05e1 \u05d6<\/a><\/li>\n<li class=\"related-searches\"><a style=\"margin-right: 10px;\" title=\"\u05e8\u05d9\u05d0\u05dc \u05de\u05d3\u05e8\u05d9\u05d3 \u05e6\u05dc\u05e1\u05d9\" href=\"https:\/\/www.bic.co.il\/?page_id=7593\" >\u05e8\u05d9\u05d0\u05dc \u05de\u05d3\u05e8\u05d9\u05d3 \u05e6\u05dc\u05e1\u05d9<\/a><\/li>\n<\/ol>\n<div class=\"search_form inner_pages\" style=\"text-align: center;\">\n\t\t<form role=\"search\" method=\"get\" class=\"search-form\" action=\"https:\/\/www.bic.co.il\/\">\n\t\t\t<label>\n\t\t\t<span class=\"screen-reader-text\">Search for:<\/span>\n\t\t\t<input type=\"search\" class=\"custom-search-input\" id=\"custom-search-input\"  placeholder=\"Search...\" value=\"\" name=\"s\" tabindex=\"-1\"><input type=\"submit\" class=\"search-submit\" value=\"\u05d7\u05e4\u05e9\u05d5 \u05d1-bic\"><\/label>\n\t\t<\/form>\n\t<\/div>","protected":false},"excerpt":{"rendered":"<p>\u05d0\u05d9\u05da \u05dc\u05d4\u05e9\u05d9\u05d2 \u05e2\u05d5\u05e7\u05d1\u05d9\u05dd \u05d1\u05d0\u05d9\u05e0\u05e1\u05d8\u05d2\u05e8\u05dd (\u05dc\u05d0 \u05d8\u05d9\u05e4\u05d9\u05dd) fxp.co.il \u05ea\u05e2\u05e9\u05d4 \u05de\u05d9\u05e9\u05d5\u05d1\u05d0\u05dc\u05d9. \u05d7\u05d7\u05d7\u05d7\u05d7\u05d7\u05d7\u05d7\u05d7\u05d7\u05d7\u05d7\u05d7\u05d7\u05d7\u05d7\u05d7\u05d7\u05d7\u05d7\u05d7\u05d7\u05d7\u05d7\u05d7\u05d7\u05d7\u05d7\u05d7\u05d7 \u05d6\u05d9\u05d9\u05e0\u05ea \u05d0\u05ea \u05d4\u05e4\u05d5\u05e8\u05d5\u05dd \u05e2\u05dd. \u05de\u05d9\u05e9\u05d5\u05d1\u05d0\u05dc\u05d9 \u05d4\u05d6\u05d4. 0. 0. 1. \u05d0\u05ea\u05d4 \u05d2\u05d9\u05d9. 36. 21-05-2013 16:23 JockingWithyou JockingWithyou \u05de\u05e0\u05d5\u05ea\u05e7\u00a0 Girls? We are the Champions (; m.facebook.com Girls? We are the Champions (; \u00b7 Girls? We are the Champions (;. Dec 16,\u00a0 \u05d0\u05e0\u05d9 \u05d1\u05d4\u05ea\u05e7\u05e3 \u05d7\u05e8\u05d3\u05d4, \u05db&#8221;\u05db \u05e7\u05e9\u05d4 \u05dc\u05d9 [&hellip;]<\/p>\n","protected":false},"author":1,"featured_media":7117,"parent":0,"menu_order":0,"comment_status":"open","ping_status":"closed","template":"","meta":{"site-sidebar-layout":"default","site-content-layout":"","ast-site-content-layout":"","site-content-style":"default","site-sidebar-style":"default","ast-global-header-display":"","ast-banner-title-visibility":"","ast-main-header-display":"","ast-hfb-above-header-display":"","ast-hfb-below-header-display":"","ast-hfb-mobile-header-display":"","site-post-title":"","ast-breadcrumbs-content":"","ast-featured-img":"","footer-sml-layout":"","theme-transparent-header-meta":"","adv-header-id-meta":"","stick-header-meta":"","header-above-stick-meta":"","header-main-stick-meta":"","header-below-stick-meta":"","astra-migrate-meta-layouts":"default","ast-page-background-enabled":"default","ast-page-background-meta":{"desktop":{"background-color":"var(--ast-global-color-4)","background-image":"","background-repeat":"repeat","background-position":"center center","background-size":"auto","background-attachment":"scroll","background-type":"","background-media":"","overlay-type":"","overlay-color":"","overlay-opacity":"","overlay-gradient":""},"tablet":{"background-color":"","background-image":"","background-repeat":"repeat","background-position":"center center","background-size":"auto","background-attachment":"scroll","background-type":"","background-media":"","overlay-type":"","overlay-color":"","overlay-opacity":"","overlay-gradient":""},"mobile":{"background-color":"","background-image":"","background-repeat":"repeat","background-position":"center center","background-size":"auto","background-attachment":"scroll","background-type":"","background-media":"","overlay-type":"","overlay-color":"","overlay-opacity":"","overlay-gradient":""}},"ast-content-background-meta":{"desktop":{"background-color":"var(--ast-global-color-5)","background-image":"","background-repeat":"repeat","background-position":"center center","background-size":"auto","background-attachment":"scroll","background-type":"","background-media":"","overlay-type":"","overlay-color":"","overlay-opacity":"","overlay-gradient":""},"tablet":{"background-color":"var(--ast-global-color-5)","background-image":"","background-repeat":"repeat","background-position":"center center","background-size":"auto","background-attachment":"scroll","background-type":"","background-media":"","overlay-type":"","overlay-color":"","overlay-opacity":"","overlay-gradient":""},"mobile":{"background-color":"var(--ast-global-color-5)","background-image":"","background-repeat":"repeat","background-position":"center center","background-size":"auto","background-attachment":"scroll","background-type":"","background-media":"","overlay-type":"","overlay-color":"","overlay-opacity":"","overlay-gradient":""}},"footnotes":""},"class_list":["post-7489","page","type-page","status-publish","has-post-thumbnail","hentry"],"yoast_head":"<!-- This site is optimized with the Yoast SEO plugin v27.3 - https:\/\/yoast.com\/product\/yoast-seo-wordpress\/ -->\n<title>\ufeff\u05de\u05d9\u05e9\u05d5\u05d1\u05d0\u05dc\u05d9 - \u05de\u05e2\u05e8\u05db\u05ea \u05d7\u05d9\u05e4\u05d5\u05e9 \u05de\u05d4\u05d9\u05e8\u05d4 \u05d1\u05d9\u05e9\u05e8\u05d0\u05dc<\/title>\n<meta name=\"robots\" content=\"index, follow, max-snippet:-1, max-image-preview:large, max-video-preview:-1\" \/>\n<link rel=\"canonical\" href=\"https:\/\/www.bic.co.il\/?page_id=7489\" \/>\n<meta property=\"og:locale\" content=\"he_IL\" \/>\n<meta property=\"og:type\" content=\"article\" \/>\n<meta property=\"og:title\" content=\"\ufeff\u05de\u05d9\u05e9\u05d5\u05d1\u05d0\u05dc\u05d9 - \u05de\u05e2\u05e8\u05db\u05ea \u05d7\u05d9\u05e4\u05d5\u05e9 \u05de\u05d4\u05d9\u05e8\u05d4 \u05d1\u05d9\u05e9\u05e8\u05d0\u05dc\" \/>\n<meta property=\"og:description\" content=\"\u05d0\u05d9\u05da \u05dc\u05d4\u05e9\u05d9\u05d2 \u05e2\u05d5\u05e7\u05d1\u05d9\u05dd \u05d1\u05d0\u05d9\u05e0\u05e1\u05d8\u05d2\u05e8\u05dd (\u05dc\u05d0 \u05d8\u05d9\u05e4\u05d9\u05dd) fxp.co.il \u05ea\u05e2\u05e9\u05d4 \u05de\u05d9\u05e9\u05d5\u05d1\u05d0\u05dc\u05d9. \u05d7\u05d7\u05d7\u05d7\u05d7\u05d7\u05d7\u05d7\u05d7\u05d7\u05d7\u05d7\u05d7\u05d7\u05d7\u05d7\u05d7\u05d7\u05d7\u05d7\u05d7\u05d7\u05d7\u05d7\u05d7\u05d7\u05d7\u05d7\u05d7\u05d7 \u05d6\u05d9\u05d9\u05e0\u05ea \u05d0\u05ea \u05d4\u05e4\u05d5\u05e8\u05d5\u05dd \u05e2\u05dd. \u05de\u05d9\u05e9\u05d5\u05d1\u05d0\u05dc\u05d9 \u05d4\u05d6\u05d4. 0. 0. 1. \u05d0\u05ea\u05d4 \u05d2\u05d9\u05d9. 36. 21-05-2013 16:23 JockingWithyou JockingWithyou \u05de\u05e0\u05d5\u05ea\u05e7\u00a0 Girls? We are the Champions (; m.facebook.com Girls? We are the Champions (; \u00b7 Girls? We are the Champions (;. Dec 16,\u00a0 \u05d0\u05e0\u05d9 \u05d1\u05d4\u05ea\u05e7\u05e3 \u05d7\u05e8\u05d3\u05d4, \u05db&#8221;\u05db \u05e7\u05e9\u05d4 \u05dc\u05d9 [&hellip;]\" \/>\n<meta property=\"og:url\" content=\"https:\/\/www.bic.co.il\/?page_id=7489\" \/>\n<meta property=\"og:site_name\" content=\"\u05de\u05e2\u05e8\u05db\u05ea \u05d7\u05d9\u05e4\u05d5\u05e9 \u05de\u05d4\u05d9\u05e8\u05d4 \u05d1\u05d9\u05e9\u05e8\u05d0\u05dc\" \/>\n<meta name=\"twitter:card\" content=\"summary_large_image\" \/>\n<meta name=\"twitter:label1\" content=\"\u05d6\u05de\u05df \u05e7\u05e8\u05d9\u05d0\u05d4 \u05de\u05d5\u05e2\u05e8\u05da\" \/>\n\t<meta name=\"twitter:data1\" content=\"\u05d3\u05e7\u05d41\" \/>\n<!-- \/ Yoast SEO plugin. -->","yoast_head_json":{"title":"\ufeff\u05de\u05d9\u05e9\u05d5\u05d1\u05d0\u05dc\u05d9 - \u05de\u05e2\u05e8\u05db\u05ea \u05d7\u05d9\u05e4\u05d5\u05e9 \u05de\u05d4\u05d9\u05e8\u05d4 \u05d1\u05d9\u05e9\u05e8\u05d0\u05dc","robots":{"index":"index","follow":"follow","max-snippet":"max-snippet:-1","max-image-preview":"max-image-preview:large","max-video-preview":"max-video-preview:-1"},"canonical":"https:\/\/www.bic.co.il\/?page_id=7489","og_locale":"he_IL","og_type":"article","og_title":"\ufeff\u05de\u05d9\u05e9\u05d5\u05d1\u05d0\u05dc\u05d9 - \u05de\u05e2\u05e8\u05db\u05ea \u05d7\u05d9\u05e4\u05d5\u05e9 \u05de\u05d4\u05d9\u05e8\u05d4 \u05d1\u05d9\u05e9\u05e8\u05d0\u05dc","og_description":"\u05d0\u05d9\u05da \u05dc\u05d4\u05e9\u05d9\u05d2 \u05e2\u05d5\u05e7\u05d1\u05d9\u05dd \u05d1\u05d0\u05d9\u05e0\u05e1\u05d8\u05d2\u05e8\u05dd (\u05dc\u05d0 \u05d8\u05d9\u05e4\u05d9\u05dd) fxp.co.il \u05ea\u05e2\u05e9\u05d4 \u05de\u05d9\u05e9\u05d5\u05d1\u05d0\u05dc\u05d9. \u05d7\u05d7\u05d7\u05d7\u05d7\u05d7\u05d7\u05d7\u05d7\u05d7\u05d7\u05d7\u05d7\u05d7\u05d7\u05d7\u05d7\u05d7\u05d7\u05d7\u05d7\u05d7\u05d7\u05d7\u05d7\u05d7\u05d7\u05d7\u05d7\u05d7 \u05d6\u05d9\u05d9\u05e0\u05ea \u05d0\u05ea \u05d4\u05e4\u05d5\u05e8\u05d5\u05dd \u05e2\u05dd. \u05de\u05d9\u05e9\u05d5\u05d1\u05d0\u05dc\u05d9 \u05d4\u05d6\u05d4. 0. 0. 1. \u05d0\u05ea\u05d4 \u05d2\u05d9\u05d9. 36. 21-05-2013 16:23 JockingWithyou JockingWithyou \u05de\u05e0\u05d5\u05ea\u05e7\u00a0 Girls? We are the Champions (; m.facebook.com Girls? We are the Champions (; \u00b7 Girls? We are the Champions (;. Dec 16,\u00a0 \u05d0\u05e0\u05d9 \u05d1\u05d4\u05ea\u05e7\u05e3 \u05d7\u05e8\u05d3\u05d4, \u05db&#8221;\u05db \u05e7\u05e9\u05d4 \u05dc\u05d9 [&hellip;]","og_url":"https:\/\/www.bic.co.il\/?page_id=7489","og_site_name":"\u05de\u05e2\u05e8\u05db\u05ea \u05d7\u05d9\u05e4\u05d5\u05e9 \u05de\u05d4\u05d9\u05e8\u05d4 \u05d1\u05d9\u05e9\u05e8\u05d0\u05dc","twitter_card":"summary_large_image","twitter_misc":{"\u05d6\u05de\u05df \u05e7\u05e8\u05d9\u05d0\u05d4 \u05de\u05d5\u05e2\u05e8\u05da":"\u05d3\u05e7\u05d41"},"schema":{"@context":"https:\/\/schema.org","@graph":[{"@type":"WebPage","@id":"https:\/\/www.bic.co.il\/?page_id=7489","url":"https:\/\/www.bic.co.il\/?page_id=7489","name":"\ufeff\u05de\u05d9\u05e9\u05d5\u05d1\u05d0\u05dc\u05d9 - \u05de\u05e2\u05e8\u05db\u05ea \u05d7\u05d9\u05e4\u05d5\u05e9 \u05de\u05d4\u05d9\u05e8\u05d4 \u05d1\u05d9\u05e9\u05e8\u05d0\u05dc","isPartOf":{"@id":"https:\/\/www.bic.co.il\/#website"},"primaryImageOfPage":{"@id":"https:\/\/www.bic.co.il\/?page_id=7489#primaryimage"},"image":{"@id":"https:\/\/www.bic.co.il\/?page_id=7489#primaryimage"},"thumbnailUrl":"https:\/\/www.bic.co.il\/wp-content\/uploads\/\u05de\u05d9\u05e9\u05d5\u05d1\u05d0\u05dc\u05d9.webp","datePublished":"2024-04-19T18:56:15+00:00","breadcrumb":{"@id":"https:\/\/www.bic.co.il\/?page_id=7489#breadcrumb"},"inLanguage":"he-IL","potentialAction":[{"@type":"ReadAction","target":["https:\/\/www.bic.co.il\/?page_id=7489"]}]},{"@type":"ImageObject","inLanguage":"he-IL","@id":"https:\/\/www.bic.co.il\/?page_id=7489#primaryimage","url":"https:\/\/www.bic.co.il\/wp-content\/uploads\/\u05de\u05d9\u05e9\u05d5\u05d1\u05d0\u05dc\u05d9.webp","contentUrl":"https:\/\/www.bic.co.il\/wp-content\/uploads\/\u05de\u05d9\u05e9\u05d5\u05d1\u05d0\u05dc\u05d9.webp","width":1200,"height":1200},{"@type":"BreadcrumbList","@id":"https:\/\/www.bic.co.il\/?page_id=7489#breadcrumb","itemListElement":[{"@type":"ListItem","position":1,"name":"\u05e2\u05de\u05d5\u05d3 \u05d4\u05d1\u05d9\u05ea","item":"https:\/\/www.bic.co.il\/"},{"@type":"ListItem","position":2,"name":"\ufeff\u05de\u05d9\u05e9\u05d5\u05d1\u05d0\u05dc\u05d9"}]},{"@type":"WebSite","@id":"https:\/\/www.bic.co.il\/#website","url":"https:\/\/www.bic.co.il\/","name":"\u05de\u05e2\u05e8\u05db\u05ea \u05d7\u05d9\u05e4\u05d5\u05e9 \u05de\u05d4\u05d9\u05e8\u05d4 \u05d1\u05d9\u05e9\u05e8\u05d0\u05dc","description":"","publisher":{"@id":"https:\/\/www.bic.co.il\/#organization"},"potentialAction":[{"@type":"SearchAction","target":{"@type":"EntryPoint","urlTemplate":"https:\/\/www.bic.co.il\/?s={search_term_string}"},"query-input":{"@type":"PropertyValueSpecification","valueRequired":true,"valueName":"search_term_string"}}],"inLanguage":"he-IL"},{"@type":"Organization","@id":"https:\/\/www.bic.co.il\/#organization","name":"\u05de\u05e2\u05e8\u05db\u05ea \u05d7\u05d9\u05e4\u05d5\u05e9 \u05de\u05d4\u05d9\u05e8\u05d4 \u05d1\u05d9\u05e9\u05e8\u05d0\u05dc","url":"https:\/\/www.bic.co.il\/","logo":{"@type":"ImageObject","inLanguage":"he-IL","@id":"https:\/\/www.bic.co.il\/#\/schema\/logo\/image\/","url":"https:\/\/www.bic.co.il\/wp-content\/uploads\/bic-logo-main.png","contentUrl":"https:\/\/www.bic.co.il\/wp-content\/uploads\/bic-logo-main.png","width":400,"height":104,"caption":"\u05de\u05e2\u05e8\u05db\u05ea \u05d7\u05d9\u05e4\u05d5\u05e9 \u05de\u05d4\u05d9\u05e8\u05d4 \u05d1\u05d9\u05e9\u05e8\u05d0\u05dc"},"image":{"@id":"https:\/\/www.bic.co.il\/#\/schema\/logo\/image\/"}}]}},"amp_enabled":true,"_links":{"self":[{"href":"https:\/\/www.bic.co.il\/index.php?rest_route=\/wp\/v2\/pages\/7489","targetHints":{"allow":["GET"]}}],"collection":[{"href":"https:\/\/www.bic.co.il\/index.php?rest_route=\/wp\/v2\/pages"}],"about":[{"href":"https:\/\/www.bic.co.il\/index.php?rest_route=\/wp\/v2\/types\/page"}],"author":[{"embeddable":true,"href":"https:\/\/www.bic.co.il\/index.php?rest_route=\/wp\/v2\/users\/1"}],"replies":[{"embeddable":true,"href":"https:\/\/www.bic.co.il\/index.php?rest_route=%2Fwp%2Fv2%2Fcomments&post=7489"}],"version-history":[{"count":0,"href":"https:\/\/www.bic.co.il\/index.php?rest_route=\/wp\/v2\/pages\/7489\/revisions"}],"wp:featuredmedia":[{"embeddable":true,"href":"https:\/\/www.bic.co.il\/index.php?rest_route=\/wp\/v2\/media\/7117"}],"wp:attachment":[{"href":"https:\/\/www.bic.co.il\/index.php?rest_route=%2Fwp%2Fv2%2Fmedia&parent=7489"}],"curies":[{"name":"wp","href":"https:\/\/api.w.org\/{rel}","templated":true}]}}